{"id":6,"date":"2020-02-08T11:16:04","date_gmt":"2020-02-08T11:16:04","guid":{"rendered":"http:\/\/euve260436.serverprofi24.de\/chonit\/blog\/?page_id=6"},"modified":"2020-02-08T11:16:04","modified_gmt":"2020-02-08T11:16:04","slug":"haftungsausschluss","status":"publish","type":"page","link":"https:\/\/chonit.eu\/index.php\/haftungsausschluss\/","title":{"rendered":"Haftungsausschluss"},"content":{"rendered":"\n<p>Die auf chonit.eu bereitgestellten Informationen sind ausschlie\u00dflich zu Informationszwecken bestimmt.<\/p>\n\n\n\n<p>Birgit Konefal und Pawel Konefal \u00fcbernehmen des Weiteren keine Gew\u00e4hrleistung f\u00fcr die Vollst\u00e4ndigkeit, Richtigkeit, Genauigkeit und Aktualit\u00e4t der Inhalte auf diesen Webseiten. Mit dem Einstellen eines Beitrags r\u00e4umt der Verfasser der chonit.eu die Nutzungsrechte daran ein. Wir behalten uns vor, Beitr\u00e4ge in Einzelf\u00e4llen zu l\u00f6schen, insbesondere wenn diese gewerbliche Inhalte haben, beleidigend bzw. in der Wortwahl inakzeptabel sind oder allgemein gegen die Menschenw\u00fcrde bzw. geltendes Recht versto\u00dfen. Dies gilt insbesondere f\u00fcr Beitr\u00e4ge, die Gewaltt\u00e4tigkeiten, den sexuellen Missbrauch von Kindern oder sexuelle Handlungen von Menschen mit Tieren zum Gegenstand haben (\u00a7 184 StGB).<\/p>\n\n\n\n<p>Trotz sorgf\u00e4ltiger Kontrolle \u00fcbernehmen wir keine Haftung f\u00fcr die Inhalte externer Links. F\u00fcr die Inhalte externer Links sind ausschlie\u00dflich deren Betreiber verantwortlich. Gleiches gilt f\u00fcr alle Verbindungen, auf die diese Webseite direkt oder indirekt verweist. chonit.eu ist f\u00fcr den Inhalt einer Seite, die mit einem solchen Link erreicht wird, nicht verantwortlich. Namentlich gekennzeichnete Beitr\u00e4ge geben die Meinung des Urhebers, nicht aber (unbedingt) die Meinung der Redaktion wieder. chonit.eu beh\u00e4lt sich das Recht vor, ohne vorherige Ank\u00fcndigung \u00c4nderungen oder Erg\u00e4nzungen der bereit gestellten Informationen vorzunehmen.<\/p>\n\n\n\n<p>Der Inhalt dieser Webseite ist urheberrechtlich gesch\u00fctzt. Jegliche Vervielf\u00e4ltigung, \u00f6ffentliche Wiedergabe oder sonstige, insbesondere kommerzielle Verwertung ist unzul\u00e4ssig, wenn nicht die Redaktion von chonit.eu hierzu zuvor ihre ausdr\u00fcckliche schriftliche Genehmigung erteilt hat.<\/p>\n","protected":false},"excerpt":{"rendered":"<p>Die auf chonit.eu bereitgestellten Informationen sind ausschlie\u00dflich zu Informationszwecken bestimmt. Birgit Konefal und Pawel Konefal \u00fcbernehmen des Weiteren keine Gew\u00e4hrleistung f\u00fcr die Vollst\u00e4ndigkeit, Richtigkeit, Genauigkeit und Aktualit\u00e4t der Inhalte auf diesen Webseiten. Mit dem Einstellen eines Beitrags r\u00e4umt der Verfasser der chonit.eu die Nutzungsrechte daran ein. Wir behalten uns vor, Beitr\u00e4ge in Einzelf\u00e4llen zu l\u00f6schen, &hellip; <\/p>\n<p class=\"link-more\"><a href=\"https:\/\/chonit.eu\/index.php\/haftungsausschluss\/\" class=\"more-link\"><span class=\"screen-reader-text\">\u201eHaftungsausschluss\u201c <\/span>weiterlesen<\/a><\/p>\n","protected":false},"author":1,"featured_media":0,"parent":0,"menu_order":0,"comment_status":"closed","ping_status":"closed","template":"","meta":{"footnotes":""},"class_list":["post-6","page","type-page","status-publish","hentry"],"yoast_head":"<!-- This site is optimized with the Yoast SEO plugin v27.3 - https:\/\/yoast.com\/product\/yoast-seo-wordpress\/ -->\n<title>Haftungsausschluss - Chonit Deutschland<\/title>\n<meta name=\"robots\" content=\"index, follow, max-snippet:-1, max-image-preview:large, max-video-preview:-1\" \/>\n<link rel=\"canonical\" href=\"https:\/\/chonit.eu\/index.php\/haftungsausschluss\/\" \/>\n<meta property=\"og:locale\" content=\"de_DE\" \/>\n<meta property=\"og:type\" content=\"article\" \/>\n<meta property=\"og:title\" content=\"Haftungsausschluss - Chonit Deutschland\" \/>\n<meta property=\"og:description\" content=\"Die auf chonit.eu bereitgestellten Informationen sind ausschlie\u00dflich zu Informationszwecken bestimmt. Birgit Konefal und Pawel Konefal \u00fcbernehmen des Weiteren keine Gew\u00e4hrleistung f\u00fcr die Vollst\u00e4ndigkeit, Richtigkeit, Genauigkeit und Aktualit\u00e4t der Inhalte auf diesen Webseiten. Mit dem Einstellen eines Beitrags r\u00e4umt der Verfasser der chonit.eu die Nutzungsrechte daran ein. Wir behalten uns vor, Beitr\u00e4ge in Einzelf\u00e4llen zu l\u00f6schen, &hellip; \u201eHaftungsausschluss\u201c weiterlesen\" \/>\n<meta property=\"og:url\" content=\"https:\/\/chonit.eu\/index.php\/haftungsausschluss\/\" \/>\n<meta property=\"og:site_name\" content=\"Chonit Deutschland\" \/>\n<meta name=\"twitter:card\" content=\"summary_large_image\" \/>\n<meta name=\"twitter:label1\" content=\"Gesch\u00e4tzte Lesezeit\" \/>\n\t<meta name=\"twitter:data1\" content=\"1\u00a0Minute\" \/>\n<script type=\"application\/ld+json\" class=\"yoast-schema-graph\">{\"@context\":\"https:\\\/\\\/schema.org\",\"@graph\":[{\"@type\":\"WebPage\",\"@id\":\"https:\\\/\\\/chonit.eu\\\/index.php\\\/haftungsausschluss\\\/\",\"url\":\"https:\\\/\\\/chonit.eu\\\/index.php\\\/haftungsausschluss\\\/\",\"name\":\"Haftungsausschluss - Chonit Deutschland\",\"isPartOf\":{\"@id\":\"https:\\\/\\\/chonit.eu\\\/#website\"},\"datePublished\":\"2020-02-08T11:16:04+00:00\",\"breadcrumb\":{\"@id\":\"https:\\\/\\\/chonit.eu\\\/index.php\\\/haftungsausschluss\\\/#breadcrumb\"},\"inLanguage\":\"de\",\"potentialAction\":[{\"@type\":\"ReadAction\",\"target\":[\"https:\\\/\\\/chonit.eu\\\/index.php\\\/haftungsausschluss\\\/\"]}]},{\"@type\":\"BreadcrumbList\",\"@id\":\"https:\\\/\\\/chonit.eu\\\/index.php\\\/haftungsausschluss\\\/#breadcrumb\",\"itemListElement\":[{\"@type\":\"ListItem\",\"position\":1,\"name\":\"Startseite\",\"item\":\"https:\\\/\\\/chonit.eu\\\/\"},{\"@type\":\"ListItem\",\"position\":2,\"name\":\"Haftungsausschluss\"}]},{\"@type\":\"WebSite\",\"@id\":\"https:\\\/\\\/chonit.eu\\\/#website\",\"url\":\"https:\\\/\\\/chonit.eu\\\/\",\"name\":\"Chonit Deutschland\",\"description\":\"Sch\u00fctzt, was Ihnen wichtig ist.\",\"potentialAction\":[{\"@type\":\"SearchAction\",\"target\":{\"@type\":\"EntryPoint\",\"urlTemplate\":\"https:\\\/\\\/chonit.eu\\\/?s={search_term_string}\"},\"query-input\":{\"@type\":\"PropertyValueSpecification\",\"valueRequired\":true,\"valueName\":\"search_term_string\"}}],\"inLanguage\":\"de\"}]}<\/script>\n<!-- \/ Yoast SEO plugin. -->","yoast_head_json":{"title":"Haftungsausschluss - Chonit Deutschland","robots":{"index":"index","follow":"follow","max-snippet":"max-snippet:-1","max-image-preview":"max-image-preview:large","max-video-preview":"max-video-preview:-1"},"canonical":"https:\/\/chonit.eu\/index.php\/haftungsausschluss\/","og_locale":"de_DE","og_type":"article","og_title":"Haftungsausschluss - Chonit Deutschland","og_description":"Die auf chonit.eu bereitgestellten Informationen sind ausschlie\u00dflich zu Informationszwecken bestimmt. Birgit Konefal und Pawel Konefal \u00fcbernehmen des Weiteren keine Gew\u00e4hrleistung f\u00fcr die Vollst\u00e4ndigkeit, Richtigkeit, Genauigkeit und Aktualit\u00e4t der Inhalte auf diesen Webseiten. Mit dem Einstellen eines Beitrags r\u00e4umt der Verfasser der chonit.eu die Nutzungsrechte daran ein. Wir behalten uns vor, Beitr\u00e4ge in Einzelf\u00e4llen zu l\u00f6schen, &hellip; \u201eHaftungsausschluss\u201c weiterlesen","og_url":"https:\/\/chonit.eu\/index.php\/haftungsausschluss\/","og_site_name":"Chonit Deutschland","twitter_card":"summary_large_image","twitter_misc":{"Gesch\u00e4tzte Lesezeit":"1\u00a0Minute"},"schema":{"@context":"https:\/\/schema.org","@graph":[{"@type":"WebPage","@id":"https:\/\/chonit.eu\/index.php\/haftungsausschluss\/","url":"https:\/\/chonit.eu\/index.php\/haftungsausschluss\/","name":"Haftungsausschluss - Chonit Deutschland","isPartOf":{"@id":"https:\/\/chonit.eu\/#website"},"datePublished":"2020-02-08T11:16:04+00:00","breadcrumb":{"@id":"https:\/\/chonit.eu\/index.php\/haftungsausschluss\/#breadcrumb"},"inLanguage":"de","potentialAction":[{"@type":"ReadAction","target":["https:\/\/chonit.eu\/index.php\/haftungsausschluss\/"]}]},{"@type":"BreadcrumbList","@id":"https:\/\/chonit.eu\/index.php\/haftungsausschluss\/#breadcrumb","itemListElement":[{"@type":"ListItem","position":1,"name":"Startseite","item":"https:\/\/chonit.eu\/"},{"@type":"ListItem","position":2,"name":"Haftungsausschluss"}]},{"@type":"WebSite","@id":"https:\/\/chonit.eu\/#website","url":"https:\/\/chonit.eu\/","name":"Chonit Deutschland","description":"Sch\u00fctzt, was Ihnen wichtig ist.","potentialAction":[{"@type":"SearchAction","target":{"@type":"EntryPoint","urlTemplate":"https:\/\/chonit.eu\/?s={search_term_string}"},"query-input":{"@type":"PropertyValueSpecification","valueRequired":true,"valueName":"search_term_string"}}],"inLanguage":"de"}]}},"jetpack_sharing_enabled":true,"_links":{"self":[{"href":"https:\/\/chonit.eu\/index.php\/wp-json\/wp\/v2\/pages\/6","targetHints":{"allow":["GET"]}}],"collection":[{"href":"https:\/\/chonit.eu\/index.php\/wp-json\/wp\/v2\/pages"}],"about":[{"href":"https:\/\/chonit.eu\/index.php\/wp-json\/wp\/v2\/types\/page"}],"author":[{"embeddable":true,"href":"https:\/\/chonit.eu\/index.php\/wp-json\/wp\/v2\/users\/1"}],"replies":[{"embeddable":true,"href":"https:\/\/chonit.eu\/index.php\/wp-json\/wp\/v2\/comments?post=6"}],"version-history":[{"count":1,"href":"https:\/\/chonit.eu\/index.php\/wp-json\/wp\/v2\/pages\/6\/revisions"}],"predecessor-version":[{"id":7,"href":"https:\/\/chonit.eu\/index.php\/wp-json\/wp\/v2\/pages\/6\/revisions\/7"}],"wp:attachment":[{"href":"https:\/\/chonit.eu\/index.php\/wp-json\/wp\/v2\/media?parent=6"}],"curies":[{"name":"wp","href":"https:\/\/api.w.org\/{rel}","templated":true}]}}